{"id":77663,"date":"2019-11-12T14:35:51","date_gmt":"2019-11-12T14:35:51","guid":{"rendered":"https:\/\/cri1149.fr\/frim\/"},"modified":"2026-04-02T19:35:55","modified_gmt":"2026-04-02T19:35:55","slug":"frim","status":"publish","type":"page","link":"https:\/\/cri1149.fr\/en\/platforms\/frim\/","title":{"rendered":"FRIM"},"content":{"rendered":"\n<p>The F\u00e9d\u00e9ration de Recherche en Imagerie Multimodalit\u00e9s (FRIM) provides technical support in preclinical imaging for research projects developed at U1149 and UMR 1148. In particular, MRIs are made available to researchers at the <a href=\"https:\/\/sites.google.com\/site\/ipmaparis\/home\">Imaging Biomarkers Laboratory<\/a> (LBI), headed by Bernard Van Beers, who are developing new methodologies for imaging inflammation, fibrosis and cancer in liver and abdominal pathologies. <\/p>\n\n<p><a title=\"The projects\" href=\"http:\/\/frim-ums34.cnrs.fr\/cri-u1149\/\">The projects<\/a><\/p>\n\n<p><a title=\"Our services\" href=\"http:\/\/frim-ums34.cnrs.fr\/\">Our services<\/a><\/p>\n\n<p><a title=\"Our equipment\" href=\"http:\/\/frim-ums34.cnrs.fr\/equipements\/\">Our equipment<\/a><\/p>\n\n<p><a title=\"Our teams\" href=\"http:\/\/frim-ums34.cnrs.fr\/equipe\/\">Our teams<\/a><\/p>\n\n<p class=\"has-text-align-center\"><span style=\"font-size: 18pt;\"><a title=\"Make a reservation\" href=\"http:\/\/www.bichat.inserm.fr\/reservation\/login.php\">Book<\/a><\/span><\/p>\n","protected":false},"excerpt":{"rendered":"<p>The F\u00e9d\u00e9ration de Recherche en Imagerie Multimodalit\u00e9s (FRIM) provides technical support in preclinical imaging for research projects developed at U1149 and UMR 1148. In particular, MRIs are made available to [&hellip;]<\/p>\n","protected":false},"author":9,"featured_media":78642,"parent":77462,"menu_order":0,"comment_status":"closed","ping_status":"closed","template":"","meta":{"_acf_changed":false,"_EventAllDay":false,"_EventTimezone":"","_EventStartDate":"","_EventEndDate":"","_EventStartDateUTC":"","_EventEndDateUTC":"","_EventShowMap":false,"_EventShowMapLink":false,"_EventURL":"","_EventCost":"","_EventCostDescription":"","_EventCurrencySymbol":"","_EventCurrencyCode":"","_EventCurrencyPosition":"","_EventDateTimeSeparator":"","_EventTimeRangeSeparator":"","_EventOrganizerID":[],"_EventVenueID":[],"_OrganizerEmail":"","_OrganizerPhone":"","_OrganizerWebsite":"","_VenueAddress":"","_VenueCity":"","_VenueCountry":"","_VenueProvince":"","_VenueState":"","_VenueZip":"","_VenuePhone":"","_VenueURL":"","_VenueStateProvince":"","_VenueLat":"","_VenueLng":"","_VenueShowMap":false,"_VenueShowMapLink":false,"footnotes":""},"class_list":["post-77663","page","type-page","status-publish","has-post-thumbnail","hentry"],"acf":[],"yoast_head":"<!-- This site is optimized with the Yoast SEO plugin v27.4 - https:\/\/yoast.com\/product\/yoast-seo-wordpress\/ -->\n<title>FRIM - CRI<\/title>\n<meta name=\"description\" content=\"FRIM supports research into multimodal and preclinical imaging for the study of inflammation, fibrosis and cancer.\" \/>\n<meta name=\"robots\" content=\"index, follow, max-snippet:-1, max-image-preview:large, max-video-preview:-1\" \/>\n<link rel=\"canonical\" href=\"https:\/\/cri1149.fr\/en\/platforms\/frim\/\" \/>\n<meta property=\"og:locale\" content=\"en_US\" \/>\n<meta property=\"og:type\" content=\"article\" \/>\n<meta property=\"og:title\" content=\"FRIM - CRI\" \/>\n<meta property=\"og:description\" content=\"FRIM supports research into multimodal and preclinical imaging for the study of inflammation, fibrosis and cancer.\" \/>\n<meta property=\"og:url\" content=\"https:\/\/cri1149.fr\/en\/platforms\/frim\/\" \/>\n<meta property=\"og:site_name\" content=\"CRI\" \/>\n<meta property=\"article:publisher\" content=\"https:\/\/www.facebook.com\/CRI-Centre-de-recherche-sur-linflammation-100116118884153\" \/>\n<meta property=\"article:modified_time\" content=\"2026-04-02T19:35:55+00:00\" \/>\n<meta property=\"og:image\" content=\"https:\/\/cri1149.fr\/wp-content\/uploads\/2021\/06\/irm_coeur_rat_normal_sagital.gif\" \/>\n\t<meta property=\"og:image:width\" content=\"240\" \/>\n\t<meta property=\"og:image:height\" content=\"240\" \/>\n\t<meta property=\"og:image:type\" content=\"image\/gif\" \/>\n<meta name=\"twitter:card\" content=\"summary_large_image\" \/>\n<meta name=\"twitter:label1\" content=\"Est. reading time\" \/>\n\t<meta name=\"twitter:data1\" content=\"1 minute\" \/>\n<script type=\"application\/ld+json\" class=\"yoast-schema-graph\">{\"@context\":\"https:\\\/\\\/schema.org\",\"@graph\":[{\"@type\":\"WebPage\",\"@id\":\"https:\\\/\\\/cri1149.fr\\\/en\\\/platforms\\\/frim\\\/\",\"url\":\"https:\\\/\\\/cri1149.fr\\\/en\\\/platforms\\\/frim\\\/\",\"name\":\"FRIM - CRI\",\"isPartOf\":{\"@id\":\"https:\\\/\\\/cri1149.fr\\\/#website\"},\"primaryImageOfPage\":{\"@id\":\"https:\\\/\\\/cri1149.fr\\\/en\\\/platforms\\\/frim\\\/#primaryimage\"},\"image\":{\"@id\":\"https:\\\/\\\/cri1149.fr\\\/en\\\/platforms\\\/frim\\\/#primaryimage\"},\"thumbnailUrl\":\"https:\\\/\\\/cri1149.fr\\\/wp-content\\\/uploads\\\/2021\\\/06\\\/irm_coeur_rat_normal_sagital.gif\",\"datePublished\":\"2019-11-12T14:35:51+00:00\",\"dateModified\":\"2026-04-02T19:35:55+00:00\",\"description\":\"FRIM supports research into multimodal and preclinical imaging for the study of inflammation, fibrosis and cancer.\",\"breadcrumb\":{\"@id\":\"https:\\\/\\\/cri1149.fr\\\/en\\\/platforms\\\/frim\\\/#breadcrumb\"},\"inLanguage\":\"en-US\",\"potentialAction\":[{\"@type\":\"ReadAction\",\"target\":[\"https:\\\/\\\/cri1149.fr\\\/en\\\/platforms\\\/frim\\\/\"]}]},{\"@type\":\"ImageObject\",\"inLanguage\":\"en-US\",\"@id\":\"https:\\\/\\\/cri1149.fr\\\/en\\\/platforms\\\/frim\\\/#primaryimage\",\"url\":\"https:\\\/\\\/cri1149.fr\\\/wp-content\\\/uploads\\\/2021\\\/06\\\/irm_coeur_rat_normal_sagital.gif\",\"contentUrl\":\"https:\\\/\\\/cri1149.fr\\\/wp-content\\\/uploads\\\/2021\\\/06\\\/irm_coeur_rat_normal_sagital.gif\",\"width\":240,\"height\":240},{\"@type\":\"BreadcrumbList\",\"@id\":\"https:\\\/\\\/cri1149.fr\\\/en\\\/platforms\\\/frim\\\/#breadcrumb\",\"itemListElement\":[{\"@type\":\"ListItem\",\"position\":1,\"name\":\"Accueil\",\"item\":\"https:\\\/\\\/cri1149.fr\\\/en\\\/\"},{\"@type\":\"ListItem\",\"position\":2,\"name\":\"Platforms\",\"item\":\"https:\\\/\\\/cri1149.fr\\\/en\\\/platforms\\\/\"},{\"@type\":\"ListItem\",\"position\":3,\"name\":\"FRIM\"}]},{\"@type\":\"WebSite\",\"@id\":\"https:\\\/\\\/cri1149.fr\\\/#website\",\"url\":\"https:\\\/\\\/cri1149.fr\\\/\",\"name\":\"CRI - Centre de Recherche sur l'Inflammation\",\"description\":\"Centre de Recherche sur l&#039;Inflammation\",\"publisher\":{\"@id\":\"https:\\\/\\\/cri1149.fr\\\/#organization\"},\"potentialAction\":[{\"@type\":\"SearchAction\",\"target\":{\"@type\":\"EntryPoint\",\"urlTemplate\":\"https:\\\/\\\/cri1149.fr\\\/?s={search_term_string}\"},\"query-input\":{\"@type\":\"PropertyValueSpecification\",\"valueRequired\":true,\"valueName\":\"search_term_string\"}}],\"inLanguage\":\"en-US\"},{\"@type\":\"Organization\",\"@id\":\"https:\\\/\\\/cri1149.fr\\\/#organization\",\"name\":\"CRI1149\",\"url\":\"https:\\\/\\\/cri1149.fr\\\/\",\"logo\":{\"@type\":\"ImageObject\",\"inLanguage\":\"en-US\",\"@id\":\"https:\\\/\\\/cri1149.fr\\\/#\\\/schema\\\/logo\\\/image\\\/\",\"url\":\"https:\\\/\\\/cri1149.fr\\\/wp-content\\\/uploads\\\/2014\\\/11\\\/8.4.2014-logo-CRI.jpg\",\"contentUrl\":\"https:\\\/\\\/cri1149.fr\\\/wp-content\\\/uploads\\\/2014\\\/11\\\/8.4.2014-logo-CRI.jpg\",\"width\":215,\"height\":176,\"caption\":\"CRI1149\"},\"image\":{\"@id\":\"https:\\\/\\\/cri1149.fr\\\/#\\\/schema\\\/logo\\\/image\\\/\"},\"sameAs\":[\"https:\\\/\\\/www.facebook.com\\\/CRI-Centre-de-recherche-sur-linflammation-100116118884153\",\"https:\\\/\\\/www.linkedin.com\\\/company\\\/cri-centre-de-recherche-sur-l-inflammation\\\/\"]}]}<\/script>\n<!-- \/ Yoast SEO plugin. -->","yoast_head_json":{"title":"FRIM - CRI","description":"FRIM supports research into multimodal and preclinical imaging for the study of inflammation, fibrosis and cancer.","robots":{"index":"index","follow":"follow","max-snippet":"max-snippet:-1","max-image-preview":"max-image-preview:large","max-video-preview":"max-video-preview:-1"},"canonical":"https:\/\/cri1149.fr\/en\/platforms\/frim\/","og_locale":"en_US","og_type":"article","og_title":"FRIM - CRI","og_description":"FRIM supports research into multimodal and preclinical imaging for the study of inflammation, fibrosis and cancer.","og_url":"https:\/\/cri1149.fr\/en\/platforms\/frim\/","og_site_name":"CRI","article_publisher":"https:\/\/www.facebook.com\/CRI-Centre-de-recherche-sur-linflammation-100116118884153","article_modified_time":"2026-04-02T19:35:55+00:00","og_image":[{"width":240,"height":240,"url":"https:\/\/cri1149.fr\/wp-content\/uploads\/2021\/06\/irm_coeur_rat_normal_sagital.gif","type":"image\/gif"}],"twitter_card":"summary_large_image","twitter_misc":{"Est. reading time":"1 minute"},"schema":{"@context":"https:\/\/schema.org","@graph":[{"@type":"WebPage","@id":"https:\/\/cri1149.fr\/en\/platforms\/frim\/","url":"https:\/\/cri1149.fr\/en\/platforms\/frim\/","name":"FRIM - CRI","isPartOf":{"@id":"https:\/\/cri1149.fr\/#website"},"primaryImageOfPage":{"@id":"https:\/\/cri1149.fr\/en\/platforms\/frim\/#primaryimage"},"image":{"@id":"https:\/\/cri1149.fr\/en\/platforms\/frim\/#primaryimage"},"thumbnailUrl":"https:\/\/cri1149.fr\/wp-content\/uploads\/2021\/06\/irm_coeur_rat_normal_sagital.gif","datePublished":"2019-11-12T14:35:51+00:00","dateModified":"2026-04-02T19:35:55+00:00","description":"FRIM supports research into multimodal and preclinical imaging for the study of inflammation, fibrosis and cancer.","breadcrumb":{"@id":"https:\/\/cri1149.fr\/en\/platforms\/frim\/#breadcrumb"},"inLanguage":"en-US","potentialAction":[{"@type":"ReadAction","target":["https:\/\/cri1149.fr\/en\/platforms\/frim\/"]}]},{"@type":"ImageObject","inLanguage":"en-US","@id":"https:\/\/cri1149.fr\/en\/platforms\/frim\/#primaryimage","url":"https:\/\/cri1149.fr\/wp-content\/uploads\/2021\/06\/irm_coeur_rat_normal_sagital.gif","contentUrl":"https:\/\/cri1149.fr\/wp-content\/uploads\/2021\/06\/irm_coeur_rat_normal_sagital.gif","width":240,"height":240},{"@type":"BreadcrumbList","@id":"https:\/\/cri1149.fr\/en\/platforms\/frim\/#breadcrumb","itemListElement":[{"@type":"ListItem","position":1,"name":"Accueil","item":"https:\/\/cri1149.fr\/en\/"},{"@type":"ListItem","position":2,"name":"Platforms","item":"https:\/\/cri1149.fr\/en\/platforms\/"},{"@type":"ListItem","position":3,"name":"FRIM"}]},{"@type":"WebSite","@id":"https:\/\/cri1149.fr\/#website","url":"https:\/\/cri1149.fr\/","name":"CRI - Centre de Recherche sur l'Inflammation","description":"Centre de Recherche sur l&#039;Inflammation","publisher":{"@id":"https:\/\/cri1149.fr\/#organization"},"potentialAction":[{"@type":"SearchAction","target":{"@type":"EntryPoint","urlTemplate":"https:\/\/cri1149.fr\/?s={search_term_string}"},"query-input":{"@type":"PropertyValueSpecification","valueRequired":true,"valueName":"search_term_string"}}],"inLanguage":"en-US"},{"@type":"Organization","@id":"https:\/\/cri1149.fr\/#organization","name":"CRI1149","url":"https:\/\/cri1149.fr\/","logo":{"@type":"ImageObject","inLanguage":"en-US","@id":"https:\/\/cri1149.fr\/#\/schema\/logo\/image\/","url":"https:\/\/cri1149.fr\/wp-content\/uploads\/2014\/11\/8.4.2014-logo-CRI.jpg","contentUrl":"https:\/\/cri1149.fr\/wp-content\/uploads\/2014\/11\/8.4.2014-logo-CRI.jpg","width":215,"height":176,"caption":"CRI1149"},"image":{"@id":"https:\/\/cri1149.fr\/#\/schema\/logo\/image\/"},"sameAs":["https:\/\/www.facebook.com\/CRI-Centre-de-recherche-sur-linflammation-100116118884153","https:\/\/www.linkedin.com\/company\/cri-centre-de-recherche-sur-l-inflammation\/"]}]}},"_links":{"self":[{"href":"https:\/\/cri1149.fr\/en\/wp-json\/wp\/v2\/pages\/77663","targetHints":{"allow":["GET"]}}],"collection":[{"href":"https:\/\/cri1149.fr\/en\/wp-json\/wp\/v2\/pages"}],"about":[{"href":"https:\/\/cri1149.fr\/en\/wp-json\/wp\/v2\/types\/page"}],"author":[{"embeddable":true,"href":"https:\/\/cri1149.fr\/en\/wp-json\/wp\/v2\/users\/9"}],"replies":[{"embeddable":true,"href":"https:\/\/cri1149.fr\/en\/wp-json\/wp\/v2\/comments?post=77663"}],"version-history":[{"count":3,"href":"https:\/\/cri1149.fr\/en\/wp-json\/wp\/v2\/pages\/77663\/revisions"}],"predecessor-version":[{"id":81146,"href":"https:\/\/cri1149.fr\/en\/wp-json\/wp\/v2\/pages\/77663\/revisions\/81146"}],"up":[{"embeddable":true,"href":"https:\/\/cri1149.fr\/en\/wp-json\/wp\/v2\/pages\/77462"}],"wp:featuredmedia":[{"embeddable":true,"href":"https:\/\/cri1149.fr\/en\/wp-json\/wp\/v2\/media\/78642"}],"wp:attachment":[{"href":"https:\/\/cri1149.fr\/en\/wp-json\/wp\/v2\/media?parent=77663"}],"curies":[{"name":"wp","href":"https:\/\/api.w.org\/{rel}","templated":true}]}}