{"id":4332,"date":"2015-01-20T16:23:40","date_gmt":"2015-01-20T15:23:40","guid":{"rendered":"http:\/\/www.cri1149.fr\/?page_id=4332"},"modified":"2025-12-03T18:00:43","modified_gmt":"2025-12-03T17:00:43","slug":"guide-dutilisation-carte-corporate","status":"publish","type":"page","link":"https:\/\/cri1149.fr\/en\/intranet\/ressources-humaines\/carte-corporate\/guide-dutilisation-carte-corporate\/","title":{"rendered":"Guide d&#8217;utilisation carte corporate"},"content":{"rendered":"<p><a href=\"http:\/\/www.cri1149.fr\/wp-content\/uploads\/2015\/01\/1Photo-27.1.2014-e1422371467955.jpg\">\u00a0<\/a><\/p>\n<p><strong>Guide d\u2019utilisation aux collaborateurs de l\u2019INSERM<\/strong><\/p>\n<p><strong>LA CARTE VISA CORPORATE BNP PARIBAS Quelles sont les caract\u00e9ristiques de la carte Corporate\u00a0?<\/strong><\/p>\n<p>La carte Corporate BNP est attribu\u00e9e aux salari\u00e9s d\u2019INSERM qui justifient de xxxx d\u00e9placements dans le cadre professionnel. L\u2019ensemble des d\u00e9penses r\u00e9alis\u00e9 avec ce mode de paiement est pr\u00e9lev\u00e9 \u00a0sur votre propre compte.<\/p>\n<p><strong>Vous n\u2019avez aucune obligation d\u2019ouvrir un compte chez BNP Paribas.<\/strong><\/p>\n<p>Votre carte Corporate est nominative et reste valable <strong>3 ans.<\/strong><\/p>\n<p><strong>Elle est strictement personnelle\u00a0:<\/strong><\/p>\n<ul>\n<li>\n<div style=\"text-align: justify;\">Elle comporte des informations qui vous sont propres (nom, pr\u00e9nom, date de naissance)\u00a0;<\/div>\n<\/li>\n<li style=\"text-align: justify;\">\n<div>Vous \u00eates responsable de son utilisation, de sa conservation ainsi que de son code secret.<\/div>\n<\/li>\n<li style=\"text-align: justify;\">\n<div>Elle est rattach\u00e9e \u00e0 votre compte bancaire habituel.<\/div>\n<\/li>\n<li style=\"text-align: justify;\">\n<div>Vous disposez d\u2019un d\u00e9lai de 30 jours au-del\u00e0 de la fin du mois pour \u00e9tablir votre note de frais en temps et en heure.<\/div>\n<\/li>\n<li style=\"text-align: justify;\">\n<div>Vous devez donc veiller \u00e0 l\u2019approvisionnement du compte sur lequel est effectu\u00e9 le pr\u00e9l\u00e8vement de vos d\u00e9penses<\/div>\n<\/li>\n<li style=\"text-align: justify;\">\n<div>Lorsque vous changez d\u2019adresse ou de domiciliation bancaire, vous devez pr\u00e9venir \u00a0(site cartes Inserm \/ gestionnaire) BNP Paribas et lui adresser votre nouveau RIB.La carte Corporate <strong>est obligatoirement bloqu\u00e9e pour des raisons \u00e9videntes de s\u00e9curit\u00e9. L\u2019activation se fait lors de votre 1er paiement ou retrait par la composition de votre code confidentiel.<\/strong><strong>\u00a0Comment l\u2019obtenir?<\/strong><\/div>\n<\/li>\n<li style=\"text-align: justify;\">\n<div>Dans tous les autres cas, l\u2019op\u00e9ration sera refus\u00e9e (p\u00e9age, paiement en ligne).<\/div>\n<\/li>\n<li style=\"text-align: justify;\">\n<div><strong>Il s\u2019agit d\u2019une carte internationale VISA <\/strong>\u00a0qui permet d\u2019effectuer <strong>des paiements et des retraits en France et \u00e0 l\u2019\u00e9trangerpour r\u00e9gler vos d\u00e9penses professionnelles.\u00a0 <\/strong><\/div>\n<\/li>\n<\/ul>\n<div style=\"text-align: justify;\">\n<ul>\n<li>Le collaborateur devra remplir les bordereaux VP0078 feuillet 1 et feuillet 2 \u00ab\u00a0demande de carte Corporate\u00a0porteur\u00bb et \u00ab\u00a0autorisation de pr\u00e9l\u00e8vement\u00a0\u00bb qu\u2019il trouvera <strong>aupr\u00e8s du gestionnaire de carte.<\/strong><\/li>\n<li>Une fois compl\u00e9t\u00e9e et sign\u00e9e, le collaborateur remettra sa demande avec un RIB et une copie de pi\u00e8ce d\u2019identit\u00e9 en cours de validit\u00e9 recto verso.<\/li>\n<li>Pour ceux qui d\u00e9tiennent d\u00e9j\u00e0 une carte Affaire Visa BNP Paribas, le transfert vers la nouvelle carte Corporate se fera directement par l\u2019\u00e9tablissement. Il ne sera pas n\u00e9cessaire de signer un formulaire de demande.<\/li>\n<li>D\u00e8s obtention de la nouvelle carte, l\u2019ancienne carte affaires devra \u00eatre remise au gestionnaire pour demande de mise en opposition par la banque dans un d\u00e9lai de 2 mois.<\/li>\n<li><strong>Des services d\u2019assistance et d\u2019assurances<\/strong><\/li>\n<\/ul>\n<\/div>\n<ul>\n<li>La carte Corporate BNP Paribas est assortie de l\u2019assistance et des assurances aupr\u00e8s de la Mondiale Assistance. Vous disposez\u00a0:<\/li>\n<li>d\u2019assurances pour les d\u00e9placements professionnels<\/li>\n<li>d\u2019une garantie en cas de perte ou de vol de carte<\/li>\n<li>d\u2019assistance en cas d\u2019accident. Vous avez \u00e9galement la possibilit\u00e9 de retirer de l\u2019argent \u00e0 l\u2019\u00e9tranger aupr\u00e8s des diff\u00e9rentes banques partenaires de BNP Paribas.\u00a0Vous pouvez directement les consulter sur le lien BNP Paribas suivant\u00a0:<strong> Le d\u00e9bit des paiements \u00e0 la fin du mois<em> + 30 jours<\/em><\/strong>\u00a0<strong>IMPORTANT\u00a0: Il est n\u00e9cessaire de se renseigner aupr\u00e8s de son \u00e9tablissement bancaire concernant les frais \u00e9ventuels de mise en place du pr\u00e9l\u00e8vement. Certains \u00e9tablissements facturent ce service. <\/strong>Cet inscription au site web vous donnera l\u2019acc\u00e8s \u00e0 :<\/li>\n<li><strong>\u00a0Des relev\u00e9s de d\u00e9penses facilitant l\u2019\u00e9tablissement des notes de frais <\/strong>D\u00e8s r\u00e9ception de votre carte, vous pouvez vous inscrire directement et gratuitement sur le site <strong>www.corporatecards.bnpparibas.com<\/strong>. Cliquez sur \u00ab S\u2019abonner au site \u00bb rubrique \u00ab titulaire \u00bb, remplissez le formulaire en ligne et validez-le. Vous recevrez votre mot de passe par courrier.<\/li>\n<li><strong>\u00a0<\/strong>La carte VISA Corporate BNP PARIBAS offre un diff\u00e9r\u00e9 \u00e0 fin de mois + 50 jours qui permet le remboursement des notes de frais avant le d\u00e9bit des d\u00e9penses professionnelles.\u00a0\u00a0\u00a0\u00a0<\/li>\n<li><strong>http:\/\/www.bnpparibas.net\/banque\/portail\/particulier\/Fiche?type=folder&amp;identifiant=Global_Alliance_20070710032152&amp;bloc=Essentiel<\/strong><\/li>\n<li>D\u00e8s lors que votre voyage professionnel <strong>a \u00e9t\u00e9 r\u00e9gl\u00e9 <\/strong>avec votre Carte Corporate, vous \u00eates couvert par les <strong>assurances<\/strong> lors de vos d\u00e9placements. Vous pouvez aussi faire appel aux services <strong>d\u2019assistance<\/strong> mis \u00e0 votre disposition, pendant vos d\u00e9placements, que ceux-ci aient <strong>\u00e9t\u00e9 pay\u00e9s ou non<\/strong> avec votre Carte Corporate.<\/li>\n<\/ul>\n<ul>\n<li>Vos op\u00e9rations en cours pour anticiper la gestion de votre tr\u00e9sorerie,<\/li>\n<li>L\u2019historique de vos op\u00e9rations, disponible sur les 12 derniers mois et t\u00e9l\u00e9chargeable au format Excel,<\/li>\n<li>Vos relev\u00e9s d\u2019op\u00e9rations, consultables et imprimables au format note de frais, sur les 12 derniers mois.\u00a0Le Service CORPORATE est l\u2019assistance t\u00e9l\u00e9phonique <strong>24 h\/24 et 7 j\/7<\/strong> au <strong>+33 (0) 810 002 181<\/strong> (co\u00fbt d\u2019une communication locale depuis la France et les DOM).<\/li>\n<li>Vous pouvez contacter un conseiller pour toute question administrative, renseignement ou d\u00e9pannage :<\/li>\n<li>\u00a0<strong>Le Service CORPORATE<\/strong><\/li>\n<\/ul>\n<ul>\n<li>Carte de remplacement<\/li>\n<li>R\u00e9\u00e9dition de votre code secret en cas d\u2019oubli,<\/li>\n<li>Prise en compte d\u2019un changement d\u2019adresse, d\u2019\u00e9tat civil ou de coordonn\u00e9es bancaires,<\/li>\n<li>Information sur les garanties d\u2019assurances et assistance li\u00e9es \u00e0 votre carte,<\/li>\n<li>Aide en cas de carte refus\u00e9e,<\/li>\n<li>D\u00e9pannage en cas de besoin de liquidit\u00e9s \u00e0 l\u2019\u00e9tranger,<\/li>\n<li>Connaissance de vos plafonds de paiement et retrait ainsi que de votre encours,<\/li>\n<li><strong>Mise en opposition de votre carte en cas de perte, vol ou utilisation frauduleuse<\/strong>, Il est imp\u00e9ratif <strong>de confirmer<\/strong> la mise en opposition <strong>par courrier<\/strong> \u00e0 BNP Paribas. Prenez soin de noter le num\u00e9ro de votre carte ainsi que sa date d\u2019expiration dans un endroit s\u00e9curis\u00e9 et accessible rapidement lors de vos d\u00e9placements. Ces informations, sans \u00eatre incontournable, vous seront demand\u00e9es et vous permettront de gagner du temps pour une\u00a0 mise en opposition plus rapide. <strong>\u00a0<\/strong>Il est imp\u00e9ratif <strong>de contester par \u00e9crit <\/strong>aupr\u00e8s de BNP Paribas toute op\u00e9ration que vous n\u2019avez pas effectu\u00e9e. Parall\u00e8lement nous vous prions de transmettre une copie de ce courrier au Gestionnaire carte. <strong>Nom\u00a0: DAVID-JUVENAL Pr\u00e9nom\u00a0: Dany <\/strong>Tel\u00a0: 01 43 62 27 31 @\u00a0: dany.david-juvenal@inserm.fr<\/li>\n<\/ul>\n<p>Vous pouvez contacter votre gestionnaire dans les cas suivants\u00a0:<\/p>\n<ul>\n<li><strong>Contact du gestionnaire carte<\/strong><\/li>\n<li>\u00a0<strong>En cas d\u2019op\u00e9ration frauduleuse<\/strong><\/li>\n<li>\u00a0<strong>En cas de mise en opposition<\/strong><\/li>\n<li style=\"text-align: justify;\">\n<div>Changements de plafonds de paiements\/retraits<\/div>\n<\/li>\n<li style=\"text-align: justify;\">\n<div>Ouverture ou fermeture de l\u2019option de retrait<\/div>\n<\/li>\n<li style=\"text-align: justify;\">\n<div>Code secret jamais re\u00e7u (v\u00e9rifier l\u2019adresse d\u2019envoi du code secret et si correcte, demander \u00e9dition code secret)<\/div>\n<\/li>\n<li style=\"text-align: justify;\">\n<div>Carte bloqu\u00e9e suite \u00e0 3 mauvais codes<\/div>\n<\/li>\n<li style=\"text-align: justify;\">\n<div>Probl\u00e8mes de r\u00e9cup\u00e9ration du relev\u00e9 sur le site Web<\/div>\n<\/li>\n<li style=\"text-align: justify;\">\n<div>Questions g\u00e9n\u00e9rales de fonctionnement relatives \u00e0 la carte<\/div>\n<\/li>\n<\/ul>\n","protected":false},"excerpt":{"rendered":"<p>\u00a0 Guide d\u2019utilisation aux collaborateurs de l\u2019INSERM LA CARTE VISA CORPORATE BNP PARIBAS Quelles sont les caract\u00e9ristiques de la carte Corporate\u00a0? La carte Corporate BNP est attribu\u00e9e aux salari\u00e9s d\u2019INSERM [&hellip;]<\/p>\n","protected":false},"author":9,"featured_media":0,"parent":3879,"menu_order":500,"comment_status":"closed","ping_status":"closed","template":"","meta":{"_acf_changed":false,"_EventAllDay":false,"_EventTimezone":"","_EventStartDate":"","_EventEndDate":"","_EventStartDateUTC":"","_EventEndDateUTC":"","_EventShowMap":false,"_EventShowMapLink":false,"_EventURL":"","_EventCost":"","_EventCostDescription":"","_EventCurrencySymbol":"","_EventCurrencyCode":"","_EventCurrencyPosition":"","_EventDateTimeSeparator":"","_EventTimeRangeSeparator":"","_EventOrganizerID":[],"_EventVenueID":[],"_OrganizerEmail":"","_OrganizerPhone":"","_OrganizerWebsite":"","_VenueAddress":"","_VenueCity":"","_VenueCountry":"","_VenueProvince":"","_VenueState":"","_VenueZip":"","_VenuePhone":"","_VenueURL":"","_VenueStateProvince":"","_VenueLat":"","_VenueLng":"","_VenueShowMap":false,"_VenueShowMapLink":false,"footnotes":""},"class_list":["post-4332","page","type-page","status-publish","hentry"],"acf":[],"yoast_head":"<!-- This site is optimized with the Yoast SEO plugin v27.4 - https:\/\/yoast.com\/product\/yoast-seo-wordpress\/ -->\n<title>Guide d&#039;utilisation carte corporate - CRI<\/title>\n<meta name=\"robots\" content=\"index, follow, max-snippet:-1, max-image-preview:large, max-video-preview:-1\" \/>\n<link rel=\"canonical\" href=\"https:\/\/cri1149.fr\/intranet\/ressources-humaines\/carte-corporate\/guide-dutilisation-carte-corporate\/\" \/>\n<meta property=\"og:locale\" content=\"en_US\" \/>\n<meta property=\"og:type\" content=\"article\" \/>\n<meta property=\"og:title\" content=\"Guide d&#039;utilisation carte corporate - CRI\" \/>\n<meta property=\"og:description\" content=\"\u00a0 Guide d\u2019utilisation aux collaborateurs de l\u2019INSERM LA CARTE VISA CORPORATE BNP PARIBAS Quelles sont les caract\u00e9ristiques de la carte Corporate\u00a0? La carte Corporate BNP est attribu\u00e9e aux salari\u00e9s d\u2019INSERM [&hellip;]\" \/>\n<meta property=\"og:url\" content=\"https:\/\/cri1149.fr\/intranet\/ressources-humaines\/carte-corporate\/guide-dutilisation-carte-corporate\/\" \/>\n<meta property=\"og:site_name\" content=\"CRI\" \/>\n<meta property=\"article:publisher\" content=\"https:\/\/www.facebook.com\/CRI-Centre-de-recherche-sur-linflammation-100116118884153\" \/>\n<meta property=\"article:modified_time\" content=\"2025-12-03T17:00:43+00:00\" \/>\n<meta name=\"twitter:card\" content=\"summary_large_image\" \/>\n<meta name=\"twitter:label1\" content=\"Est. reading time\" \/>\n\t<meta name=\"twitter:data1\" content=\"5 minutes\" \/>\n<script type=\"application\/ld+json\" class=\"yoast-schema-graph\">{\"@context\":\"https:\\\/\\\/schema.org\",\"@graph\":[{\"@type\":\"WebPage\",\"@id\":\"https:\\\/\\\/cri1149.fr\\\/intranet\\\/ressources-humaines\\\/carte-corporate\\\/guide-dutilisation-carte-corporate\\\/\",\"url\":\"https:\\\/\\\/cri1149.fr\\\/intranet\\\/ressources-humaines\\\/carte-corporate\\\/guide-dutilisation-carte-corporate\\\/\",\"name\":\"Guide d'utilisation carte corporate - CRI\",\"isPartOf\":{\"@id\":\"https:\\\/\\\/cri1149.fr\\\/#website\"},\"datePublished\":\"2015-01-20T15:23:40+00:00\",\"dateModified\":\"2025-12-03T17:00:43+00:00\",\"breadcrumb\":{\"@id\":\"https:\\\/\\\/cri1149.fr\\\/intranet\\\/ressources-humaines\\\/carte-corporate\\\/guide-dutilisation-carte-corporate\\\/#breadcrumb\"},\"inLanguage\":\"en-US\",\"potentialAction\":[{\"@type\":\"ReadAction\",\"target\":[\"https:\\\/\\\/cri1149.fr\\\/intranet\\\/ressources-humaines\\\/carte-corporate\\\/guide-dutilisation-carte-corporate\\\/\"]}]},{\"@type\":\"BreadcrumbList\",\"@id\":\"https:\\\/\\\/cri1149.fr\\\/intranet\\\/ressources-humaines\\\/carte-corporate\\\/guide-dutilisation-carte-corporate\\\/#breadcrumb\",\"itemListElement\":[{\"@type\":\"ListItem\",\"position\":1,\"name\":\"Accueil\",\"item\":\"https:\\\/\\\/cri1149.fr\\\/en\\\/\"},{\"@type\":\"ListItem\",\"position\":2,\"name\":\"Intranet\",\"item\":\"https:\\\/\\\/cri1149.fr\\\/intranet\\\/\"},{\"@type\":\"ListItem\",\"position\":3,\"name\":\"RH &#8211; Personnel\",\"item\":\"https:\\\/\\\/cri1149.fr\\\/intranet\\\/ressources-humaines\\\/\"},{\"@type\":\"ListItem\",\"position\":4,\"name\":\"Carte Corporate\",\"item\":\"https:\\\/\\\/cri1149.fr\\\/intranet\\\/ressources-humaines\\\/carte-corporate\\\/\"},{\"@type\":\"ListItem\",\"position\":5,\"name\":\"Guide d&rsquo;utilisation carte corporate\"}]},{\"@type\":\"WebSite\",\"@id\":\"https:\\\/\\\/cri1149.fr\\\/#website\",\"url\":\"https:\\\/\\\/cri1149.fr\\\/\",\"name\":\"CRI - Centre de Recherche sur l'Inflammation\",\"description\":\"Centre de Recherche sur l&#039;Inflammation\",\"publisher\":{\"@id\":\"https:\\\/\\\/cri1149.fr\\\/#organization\"},\"potentialAction\":[{\"@type\":\"SearchAction\",\"target\":{\"@type\":\"EntryPoint\",\"urlTemplate\":\"https:\\\/\\\/cri1149.fr\\\/?s={search_term_string}\"},\"query-input\":{\"@type\":\"PropertyValueSpecification\",\"valueRequired\":true,\"valueName\":\"search_term_string\"}}],\"inLanguage\":\"en-US\"},{\"@type\":\"Organization\",\"@id\":\"https:\\\/\\\/cri1149.fr\\\/#organization\",\"name\":\"CRI1149\",\"url\":\"https:\\\/\\\/cri1149.fr\\\/\",\"logo\":{\"@type\":\"ImageObject\",\"inLanguage\":\"en-US\",\"@id\":\"https:\\\/\\\/cri1149.fr\\\/#\\\/schema\\\/logo\\\/image\\\/\",\"url\":\"https:\\\/\\\/cri1149.fr\\\/wp-content\\\/uploads\\\/2014\\\/11\\\/8.4.2014-logo-CRI.jpg\",\"contentUrl\":\"https:\\\/\\\/cri1149.fr\\\/wp-content\\\/uploads\\\/2014\\\/11\\\/8.4.2014-logo-CRI.jpg\",\"width\":215,\"height\":176,\"caption\":\"CRI1149\"},\"image\":{\"@id\":\"https:\\\/\\\/cri1149.fr\\\/#\\\/schema\\\/logo\\\/image\\\/\"},\"sameAs\":[\"https:\\\/\\\/www.facebook.com\\\/CRI-Centre-de-recherche-sur-linflammation-100116118884153\",\"https:\\\/\\\/www.linkedin.com\\\/company\\\/cri-centre-de-recherche-sur-l-inflammation\\\/\"]}]}<\/script>\n<!-- \/ Yoast SEO plugin. -->","yoast_head_json":{"title":"Guide d'utilisation carte corporate - CRI","robots":{"index":"index","follow":"follow","max-snippet":"max-snippet:-1","max-image-preview":"max-image-preview:large","max-video-preview":"max-video-preview:-1"},"canonical":"https:\/\/cri1149.fr\/intranet\/ressources-humaines\/carte-corporate\/guide-dutilisation-carte-corporate\/","og_locale":"en_US","og_type":"article","og_title":"Guide d'utilisation carte corporate - CRI","og_description":"\u00a0 Guide d\u2019utilisation aux collaborateurs de l\u2019INSERM LA CARTE VISA CORPORATE BNP PARIBAS Quelles sont les caract\u00e9ristiques de la carte Corporate\u00a0? La carte Corporate BNP est attribu\u00e9e aux salari\u00e9s d\u2019INSERM [&hellip;]","og_url":"https:\/\/cri1149.fr\/intranet\/ressources-humaines\/carte-corporate\/guide-dutilisation-carte-corporate\/","og_site_name":"CRI","article_publisher":"https:\/\/www.facebook.com\/CRI-Centre-de-recherche-sur-linflammation-100116118884153","article_modified_time":"2025-12-03T17:00:43+00:00","twitter_card":"summary_large_image","twitter_misc":{"Est. reading time":"5 minutes"},"schema":{"@context":"https:\/\/schema.org","@graph":[{"@type":"WebPage","@id":"https:\/\/cri1149.fr\/intranet\/ressources-humaines\/carte-corporate\/guide-dutilisation-carte-corporate\/","url":"https:\/\/cri1149.fr\/intranet\/ressources-humaines\/carte-corporate\/guide-dutilisation-carte-corporate\/","name":"Guide d'utilisation carte corporate - CRI","isPartOf":{"@id":"https:\/\/cri1149.fr\/#website"},"datePublished":"2015-01-20T15:23:40+00:00","dateModified":"2025-12-03T17:00:43+00:00","breadcrumb":{"@id":"https:\/\/cri1149.fr\/intranet\/ressources-humaines\/carte-corporate\/guide-dutilisation-carte-corporate\/#breadcrumb"},"inLanguage":"en-US","potentialAction":[{"@type":"ReadAction","target":["https:\/\/cri1149.fr\/intranet\/ressources-humaines\/carte-corporate\/guide-dutilisation-carte-corporate\/"]}]},{"@type":"BreadcrumbList","@id":"https:\/\/cri1149.fr\/intranet\/ressources-humaines\/carte-corporate\/guide-dutilisation-carte-corporate\/#breadcrumb","itemListElement":[{"@type":"ListItem","position":1,"name":"Accueil","item":"https:\/\/cri1149.fr\/en\/"},{"@type":"ListItem","position":2,"name":"Intranet","item":"https:\/\/cri1149.fr\/intranet\/"},{"@type":"ListItem","position":3,"name":"RH &#8211; Personnel","item":"https:\/\/cri1149.fr\/intranet\/ressources-humaines\/"},{"@type":"ListItem","position":4,"name":"Carte Corporate","item":"https:\/\/cri1149.fr\/intranet\/ressources-humaines\/carte-corporate\/"},{"@type":"ListItem","position":5,"name":"Guide d&rsquo;utilisation carte corporate"}]},{"@type":"WebSite","@id":"https:\/\/cri1149.fr\/#website","url":"https:\/\/cri1149.fr\/","name":"CRI - Centre de Recherche sur l'Inflammation","description":"Centre de Recherche sur l&#039;Inflammation","publisher":{"@id":"https:\/\/cri1149.fr\/#organization"},"potentialAction":[{"@type":"SearchAction","target":{"@type":"EntryPoint","urlTemplate":"https:\/\/cri1149.fr\/?s={search_term_string}"},"query-input":{"@type":"PropertyValueSpecification","valueRequired":true,"valueName":"search_term_string"}}],"inLanguage":"en-US"},{"@type":"Organization","@id":"https:\/\/cri1149.fr\/#organization","name":"CRI1149","url":"https:\/\/cri1149.fr\/","logo":{"@type":"ImageObject","inLanguage":"en-US","@id":"https:\/\/cri1149.fr\/#\/schema\/logo\/image\/","url":"https:\/\/cri1149.fr\/wp-content\/uploads\/2014\/11\/8.4.2014-logo-CRI.jpg","contentUrl":"https:\/\/cri1149.fr\/wp-content\/uploads\/2014\/11\/8.4.2014-logo-CRI.jpg","width":215,"height":176,"caption":"CRI1149"},"image":{"@id":"https:\/\/cri1149.fr\/#\/schema\/logo\/image\/"},"sameAs":["https:\/\/www.facebook.com\/CRI-Centre-de-recherche-sur-linflammation-100116118884153","https:\/\/www.linkedin.com\/company\/cri-centre-de-recherche-sur-l-inflammation\/"]}]}},"_links":{"self":[{"href":"https:\/\/cri1149.fr\/en\/wp-json\/wp\/v2\/pages\/4332","targetHints":{"allow":["GET"]}}],"collection":[{"href":"https:\/\/cri1149.fr\/en\/wp-json\/wp\/v2\/pages"}],"about":[{"href":"https:\/\/cri1149.fr\/en\/wp-json\/wp\/v2\/types\/page"}],"author":[{"embeddable":true,"href":"https:\/\/cri1149.fr\/en\/wp-json\/wp\/v2\/users\/9"}],"replies":[{"embeddable":true,"href":"https:\/\/cri1149.fr\/en\/wp-json\/wp\/v2\/comments?post=4332"}],"version-history":[{"count":2,"href":"https:\/\/cri1149.fr\/en\/wp-json\/wp\/v2\/pages\/4332\/revisions"}],"predecessor-version":[{"id":77540,"href":"https:\/\/cri1149.fr\/en\/wp-json\/wp\/v2\/pages\/4332\/revisions\/77540"}],"up":[{"embeddable":true,"href":"https:\/\/cri1149.fr\/en\/wp-json\/wp\/v2\/pages\/3879"}],"wp:attachment":[{"href":"https:\/\/cri1149.fr\/en\/wp-json\/wp\/v2\/media?parent=4332"}],"curies":[{"name":"wp","href":"https:\/\/api.w.org\/{rel}","templated":true}]}}